{"id":293,"date":"2023-11-28T22:28:39","date_gmt":"2023-11-29T01:28:39","guid":{"rendered":"https:\/\/fastengenharia.com.br\/?page_id=293"},"modified":"2023-11-28T23:40:27","modified_gmt":"2023-11-29T02:40:27","slug":"politica-de-privacidade","status":"publish","type":"page","link":"https:\/\/fastengenharia.com.br\/pe\/politica-de-privacidade\/","title":{"rendered":"Pol\u00edtica de Privacidade"},"content":{"rendered":"<p class=\"qtranxs-available-languages-message qtranxs-available-languages-message-pe\">Sorry, this entry is only available in <a href=\"https:\/\/fastengenharia.com.br\/pb\/wp-json\/wp\/v2\/pages\/293\" class=\"qtranxs-available-language-link qtranxs-available-language-link-pb\" title=\"BR\">BR<\/a>.<\/p><p>A sua privacidade \u00e9 muito importante e deve ser respeitada. Por isso, FAST zela pelos seus direitos em rela\u00e7\u00e3o a qualquer dado que possa ser coletado junto ao nosso site.<br><br>Pedimos que leia com aten\u00e7\u00e3o este documento a fim de que esteja plenamente informado acerca das quest\u00f5es de coleta e uso de dados dos nossos visitantes.<br><br>Como e quando coletamos os seus dados<br>Ao acessar o website, o servidor registra o endere\u00e7o de Protocolo de Internet (IP) da sua m\u00e1quina. Isso \u00e9 feito para que possa haver troca de dados, sua e para voc\u00ea, pela internet.<br><br>Informa\u00e7\u00f5es pessoais s\u00e3o solicitadas apenas quando realmente necess\u00e1rias para fornecer a voc\u00ea algum servi\u00e7o. Isso \u00e9 feito por meios justos e legais, como seu conhecimento e consentimento, uma vez que informamos o que estamos coletando, por que e como ser\u00e1 usado.<br><br>As informa\u00e7\u00f5es coletadas s\u00e3o retidas apenas pelo tempo necess\u00e1rio para fornecer o servi\u00e7o solicitado. Os dados que porventura sejam armazenados s\u00e3o protegidos dentro de meios comercialmente aceit\u00e1veis, evitando, assim, perdas e roubos, al\u00e9m do acesso, divulga\u00e7\u00e3o, c\u00f3pia, uso ou modifica\u00e7\u00e3o n\u00e3o autorizados.<br><br>Voc\u00ea tem liberdade para recusar a nossa solicita\u00e7\u00e3o de coleta de informa\u00e7\u00f5es pessoais, entendendo que talvez n\u00e3o possamos fornecer alguns servi\u00e7os desejados.<br><br>N\u00e3o compartilhamos informa\u00e7\u00f5es de identifica\u00e7\u00e3o pessoal publicamente ou com terceiros, exceto quando exigido por lei.<br><br>O nosso site pode ter links para sites externos que n\u00e3o s\u00e3o operados por n\u00f3s. Esteja ciente de que n\u00e3o temos controle sobre o conte\u00fado e pr\u00e1ticas desses sites e n\u00e3o podemos aceitar responsabilidade por suas respectivas pol\u00edticas de privacidade.<br><br>O uso continuado do nosso site ser\u00e1 considerado como aceita\u00e7\u00e3o de nossas pr\u00e1ticas sobre privacidade e informa\u00e7\u00f5es pessoais. Caso voc\u00ea tenha alguma d\u00favida sobre a forma como lidamos com os dados e informa\u00e7\u00f5es pessoais dos visitantes e usu\u00e1rios, entre em contato conosco atrav\u00e9s da nossa p\u00e1gina.<br><br>Registros de data e hor\u00e1rio de cada a\u00e7\u00e3o feita em nosso ambiente de navega\u00e7\u00e3o ficam salvos em nosso servidor, como cumprimento dos deveres legais do Marco Civil da Internet.<br><br>Pol\u00edtica de Cookies<br><br>O que s\u00e3o cookies?<br>Tal como acontece em quase todos os sites, o site da FAST usa cookies, que s\u00e3o pequenos arquivos baixados no seu computador para melhorar a sua experi\u00eancia de navega\u00e7\u00e3o. Aqui, descrevemos por que esses cookies s\u00e3o necess\u00e1rios, quais informa\u00e7\u00f5es s\u00e3o coletadas por eles e como s\u00e3o usadas. Tamb\u00e9m compartilharemos como voc\u00ea pode impedir que esses cookies sejam armazenados, no entanto, isso pode fazer o downgrade ou quebrar certos elementos de funcionalidade do site.<br><br>Como usamos os cookies?<br>Infelizmente, na maior parte dos casos, n\u00e3o existem op\u00e7\u00f5es padr\u00e3o do setor para desativar os cookies sem que isso acarrete na desativa\u00e7\u00e3o completa da funcionalidade e dos recursos que eles adicionam a este site. Dessa forma, \u00e9 recomend\u00e1vel que voc\u00ea permita a utiliza\u00e7\u00e3o de todos os cookies se n\u00e3o tiver certeza de que precisa deles ou n\u00e3o, caso sejam usados para fornecer um servi\u00e7o que voc\u00ea usa.<br><br>Desativar cookies<br>A desativa\u00e7\u00e3o dos cookies pode ser feita ajustando as configura\u00e7\u00f5es do seu navegador (caso tenha d\u00favidas sobre como fazer isso, consulte a op\u00e7\u00e3o AJUDA do navegador).<br><br>Importante: esteja ciente de que a desativa\u00e7\u00e3o dos cookies afetar\u00e1 a funcionalidade deste e de outros sites que voc\u00ea visita. Portanto, \u00e9 recomend\u00e1vel que eles n\u00e3o sejam desativados.<br><br>Cookies que definimos<br><br>Cookies relacionados \u00e0 conta<br>Se voc\u00ea criar uma conta conosco, ser\u00e3o usados cookies para o gerenciamento do processo de inscri\u00e7\u00e3o e administra\u00e7\u00e3o geral. Geralmente, esses cookies ser\u00e3o exclu\u00eddos quando voc\u00ea sair do sistema. No entanto, em alguns casos, eles poder\u00e3o permanecer posteriormente para lembrar as prefer\u00eancias do seu site ao sair.<br><br>Cookies relacionados ao login<br>Utilizamos cookies quando voc\u00ea est\u00e1 logado para que possamos lembrar dessa a\u00e7\u00e3o. Isso evita que voc\u00ea precise fazer login sempre que visitar uma nova p\u00e1gina. Esses cookies s\u00e3o normalmente removidos ou limpos quando voc\u00ea efetua logout. Assim, voc\u00ea acessa os recursos e as \u00e1reas restritas somente quando efetuar o login.<br><br>Cookies relacionados a boletins por e-mail<br>Este site oferece servi\u00e7os de assinatura de boletim informativo ou e-mail. Nesse caso, os cookies podem ser usados para lembrar se voc\u00ea j\u00e1 est\u00e1 registrado e se deve mostrar determinadas notifica\u00e7\u00f5es v\u00e1lidas apenas para usu\u00e1rios inscritos.<br><br>Pedidos processando cookies relacionados<br>Este site oferece facilidades de com\u00e9rcio eletr\u00f4nico ou pagamento e alguns cookies s\u00e3o essenciais para garantir que seu pedido seja lembrado entre as p\u00e1ginas e, assim, possamos process\u00e1-lo adequadamente.<br><br>Cookies relacionados \u00e0 pesquisa<br>Periodicamente, oferecemos pesquisas e question\u00e1rios para fornecer informa\u00e7\u00f5es interessantes, ferramentas \u00fateis ou pare entender nossa base de usu\u00e1rios com mais precis\u00e3o. Essas pesquisas podem usar cookies para lembrar quem j\u00e1 participou de alguma pesquisa anteriormente ou para fornecer resultados precisos ap\u00f3s a altera\u00e7\u00e3o das p\u00e1ginas.<br><br>Cookies relacionados a formul\u00e1rios<br>Quando voc\u00ea envia dados por meio de um formul\u00e1rio como os encontrados nas p\u00e1ginas de contato ou nos formul\u00e1rios de coment\u00e1rios, os cookies podem ser configurados para lembrar os detalhes do usu\u00e1rio para correspond\u00eancia futura.<br><br>Cookies de prefer\u00eancia do site<br>Para proporcionar uma melhor experi\u00eancia de navega\u00e7\u00e3o, oferecemos aos visitantes e usu\u00e1rios a funcionalidade de definir suas prefer\u00eancias de como o esse site \u00e9 executado quando voc\u00ea o usa.<br><br>Assim, para lembrar as suas prefer\u00eancias, precisamos definir cookies para que essas informa\u00e7\u00f5es possam ser chamadas sempre que voc\u00ea interagir com uma p\u00e1gina que seja afetada pelas suas prefer\u00eancias.<br><br>Cookies de terceiros<br>Em alguns casos especiais, tamb\u00e9m usamos cookies fornecidos por terceiros confi\u00e1veis. A se\u00e7\u00e3o a seguir detalha quais cookies de terceiros voc\u00ea pode encontrar atrav\u00e9s deste site.<br><br>> Este site usa o Google Analytics, uma das solu\u00e7\u00f5es de an\u00e1lise mais difundidas e confi\u00e1veis \u200b\u200bda Web, para nos ajudar a entender como voc\u00ea usa o site e como podemos melhorar sua experi\u00eancia.<br><br>Esses cookies podem rastrear itens como quanto tempo voc\u00ea gasta no site e as p\u00e1ginas visitadas, para que possamos continuar produzindo conte\u00fado atraente.<br><br>Para mais informa\u00e7\u00f5es sobre cookies do Google Analytics, consulte sua p\u00e1gina oficial do Google Analytics.<br><br>> As an\u00e1lises de terceiros s\u00e3o usadas para rastrear e medir o uso deste site. Assim, podemos continuar produzindo conte\u00fado atrativo.<br>Esses cookies podem rastrear itens como o tempo que voc\u00ea passa no site ou as p\u00e1ginas visitadas, o que nos ajuda a entender como podemos melhorar o site para voc\u00ea.<br><br>> Periodicamente, testamos novos recursos e fazemos altera\u00e7\u00f5es sutis na maneira como o site se apresenta.<br><br>Durante a fase de testagem desses novos recursos, esses cookies podem ser usados \u200b\u200bpara garantir que voc\u00ea receba uma experi\u00eancia consistente durante a navega\u00e7\u00e3o, enquanto entendemos quais otimiza\u00e7\u00f5es os nossos usu\u00e1rios mais apreciam.<br><br>> \u00c0 medida em que vendemos produtos, \u00e9 importante entendermos as estat\u00edsticas sobre quantos visitantes de nosso site realmente compram. Esse \u00e9 o tipo de dados que esses cookies rastrear\u00e3o. Isso \u00e9 importante para voc\u00ea, pois significa que podemos fazer previs\u00f5es de neg\u00f3cios com precis\u00e3o que nos permitem analisar nossos custos de publicidade e produtos para garantir o melhor pre\u00e7o poss\u00edvel.<br><br>> O servi\u00e7o Google AdSense, que usamos para veicular publicidade, usa um cookie DoubleClick para veicular an\u00fancios mais relevantes em toda a Web e limitar o n\u00famero de vezes que um determinado an\u00fancio \u00e9 exibido para voc\u00ea.<br><br>Para mais informa\u00e7\u00f5es sobre o Google AdSense, consulte as FAQs oficiais sobre privacidade do Google AdSense.<br><br>> Utilizamos an\u00fancios para compensar os custos de funcionamento deste site e fornecer financiamento para futuros desenvolvimentos.<br>Os cookies de publicidade comportamental usados \u200b\u200bpor este site foram projetados para garantir que sejam fornecidos a voc\u00ea os an\u00fancios mais relevantes sempre que poss\u00edvel, rastreando anonimamente seus interesses e apresentando coisas semelhantes que possam ser do seu interesse.<br><br>> V\u00e1rios parceiros anunciam em nosso nome.<br><br>Os cookies de rastreamento de afiliados simplesmente nos permitem ver se nossos clientes acessaram o site atrav\u00e9s de um dos sites de nossos parceiros. Isso serve para que possamos credit\u00e1-los adequadamente e, quando aplic\u00e1vel, permitir que nossos parceiros afiliados ofere\u00e7am qualquer promo\u00e7\u00e3o que possa favorecer nossos usu\u00e1rios.<br><br>Mais informa\u00e7\u00f5es<br>Como mencionado anteriormente, se houver algo que voc\u00ea n\u00e3o tem certeza se precisa ou n\u00e3o, geralmente \u00e9 mais seguro deixar os cookies ativados, caso interaja com um dos recursos que voc\u00ea usa em nosso site.<br><br>Esta pol\u00edtica \u00e9 efetiva a partir de novembro\/2023.<\/p>","protected":false},"excerpt":{"rendered":"<p>Sorry, this entry is only available in BR. A sua privacidade \u00e9 muito importante e deve ser respeitada. Por isso, FAST zela pelos seus direitos em rela\u00e7\u00e3o a qualquer dado que possa ser coletado junto ao nosso site. Pedimos que leia com aten\u00e7\u00e3o este documento a fim de que esteja plenamente informado acerca das quest\u00f5es [&hellip;]<\/p>\n","protected":false},"author":1,"featured_media":0,"parent":0,"menu_order":0,"comment_status":"closed","ping_status":"closed","template":"page-templates\/politica-privacidade.php","meta":{"footnotes":""},"class_list":["post-293","page","type-page","status-publish","hentry"],"_links":{"self":[{"href":"https:\/\/fastengenharia.com.br\/pe\/wp-json\/wp\/v2\/pages\/293","targetHints":{"allow":["GET"]}}],"collection":[{"href":"https:\/\/fastengenharia.com.br\/pe\/wp-json\/wp\/v2\/pages"}],"about":[{"href":"https:\/\/fastengenharia.com.br\/pe\/wp-json\/wp\/v2\/types\/page"}],"author":[{"embeddable":true,"href":"https:\/\/fastengenharia.com.br\/pe\/wp-json\/wp\/v2\/users\/1"}],"replies":[{"embeddable":true,"href":"https:\/\/fastengenharia.com.br\/pe\/wp-json\/wp\/v2\/comments?post=293"}],"version-history":[{"count":1,"href":"https:\/\/fastengenharia.com.br\/pe\/wp-json\/wp\/v2\/pages\/293\/revisions"}],"predecessor-version":[{"id":295,"href":"https:\/\/fastengenharia.com.br\/pe\/wp-json\/wp\/v2\/pages\/293\/revisions\/295"}],"wp:attachment":[{"href":"https:\/\/fastengenharia.com.br\/pe\/wp-json\/wp\/v2\/media?parent=293"}],"curies":[{"name":"wp","href":"https:\/\/api.w.org\/{rel}","templated":true}]}}